{"id":190,"date":"2020-01-07T12:18:15","date_gmt":"2020-01-07T12:18:15","guid":{"rendered":"http:\/\/lmbq.net\/dev\/?page_id=190"},"modified":"2024-11-08T08:50:30","modified_gmt":"2024-11-08T13:50:30","slug":"saisons-precedentes","status":"publish","type":"page","link":"http:\/\/lmbq.net\/dev\/saisons-precedentes\/","title":{"rendered":"Meneurs en carri\u00e8re et saisons pr\u00e9c\u00e9dentes"},"content":{"rendered":"\n<p>Meneurs en saison (Top level season), meneurs en carri\u00e8re (Top level career) et statistiques compl\u00e8tes des saisons pr\u00e9c\u00e9dentes. <\/p>\n\n\n\n<iframe loading=\"lazy\" width=\"100%\" height=\"1000px\" class=\"my_irame\" src=\"https:\/\/www.lmbq.net\/historique\/stats\/index.htm\" scrolling=\"yes\"><\/iframe>\n","protected":false},"excerpt":{"rendered":"<p>Meneurs en saison (Top level season), meneurs en carri\u00e8re (Top level career) et statistiques compl\u00e8tes des saisons pr\u00e9c\u00e9dentes.<\/p>\n","protected":false},"author":1,"featured_media":0,"parent":0,"menu_order":0,"comment_status":"closed","ping_status":"closed","template":"page-templates\/full-width.php","meta":{"footnotes":""},"class_list":["post-190","page","type-page","status-publish","hentry"],"_links":{"self":[{"href":"http:\/\/lmbq.net\/dev\/wp-json\/wp\/v2\/pages\/190","targetHints":{"allow":["GET"]}}],"collection":[{"href":"http:\/\/lmbq.net\/dev\/wp-json\/wp\/v2\/pages"}],"about":[{"href":"http:\/\/lmbq.net\/dev\/wp-json\/wp\/v2\/types\/page"}],"author":[{"embeddable":true,"href":"http:\/\/lmbq.net\/dev\/wp-json\/wp\/v2\/users\/1"}],"replies":[{"embeddable":true,"href":"http:\/\/lmbq.net\/dev\/wp-json\/wp\/v2\/comments?post=190"}],"version-history":[{"count":3,"href":"http:\/\/lmbq.net\/dev\/wp-json\/wp\/v2\/pages\/190\/revisions"}],"predecessor-version":[{"id":4622,"href":"http:\/\/lmbq.net\/dev\/wp-json\/wp\/v2\/pages\/190\/revisions\/4622"}],"wp:attachment":[{"href":"http:\/\/lmbq.net\/dev\/wp-json\/wp\/v2\/media?parent=190"}],"curies":[{"name":"wp","href":"https:\/\/api.w.org\/{rel}","templated":true}]}}