{"id":193,"date":"2020-01-08T20:57:58","date_gmt":"2020-01-08T20:57:58","guid":{"rendered":"http:\/\/lmbq.net\/dev\/?page_id=193"},"modified":"2020-01-08T21:08:46","modified_gmt":"2020-01-08T21:08:46","slug":"a-propos","status":"publish","type":"page","link":"http:\/\/lmbq.net\/dev\/a-propos\/","title":{"rendered":"A propos"},"content":{"rendered":"\n<p> La Ligue Micro Baseball du Qu\u00e9bec (LMBQ) est constitu\u00e9 de 12 \u00e9quipes et entreprendra sa 31e saison en 2020. Nous utilisons la derni\u00e8re saison de Diamond Mind Baseball disponible et la version 9. La saison se d\u00e9roule d&rsquo;avril \u00e0 septembre sur un calendrier de 162 matchs. Les \u00e9quipes utilisent une formation de 40 joueurs (25 actifs). Chaque \u00e9quipe a un plafond salarial bas\u00e9 sur les performances de l&rsquo;ann\u00e9e pr\u00e9c\u00e9dente. La saison morte comprend une p\u00e9riode d&rsquo;agents libres ainsi qu&rsquo;un rep\u00eachage hivernal annuel. Chaque \u00e9quipe joue 6 matchs par semaine et nous encourageons les participants \u00e0 jouer leur match un contre un. Nous n&rsquo;avons pr\u00e9sentement aucune \u00e9quipe de disponible. Par contre nous vous invitons \u00e0 nous contactez si vous \u00eates quand m\u00eame int\u00e9ress\u00e9 \u00e0 vous joindre \u00e0 la ligue. Nous gardons une banque de proprit\u00e9taire potentiel.<br><\/p>\n\n\n\n<p>Ligue Micro Baseball du Qu\u00e9bec is a 12 team league entering its 31st year in 2020. We use the latest Diamond Mind Baseball player disk and version 9. The league features 162-games schedule running from April to September, 40-man rosters, salary cap based on performance, annual winter draft, all star game, free agent period, player usage restrictions. We encourage head-to-head play (we play one series of 6 games against one team every week). We currently have no opening but feel free to contact us if you want to join our league. We keep a waiting list for future opening.<\/p>\n\n\n\n<figure class=\"wp-block-image size-large\"><a href=\"https:\/\/diamond-mind.com\"><img decoding=\"async\" src=\"https:\/\/cdn.shopify.com\/s\/files\/1\/0691\/8515\/t\/3\/assets\/logo.png?v=8840802692969564899\" alt=\"\"\/><\/a><\/figure>\n","protected":false},"excerpt":{"rendered":"<p>La Ligue Micro Baseball du Qu\u00e9bec (LMBQ) est constitu\u00e9 de 12 \u00e9quipes et entreprendra sa 31e saison en 2020. Nous &hellip; <a href=\"http:\/\/lmbq.net\/dev\/a-propos\/\" class=\"more-link\">Continue reading <span class=\"screen-reader-text\">A propos<\/span><\/a><\/p>\n","protected":false},"author":1,"featured_media":0,"parent":0,"menu_order":0,"comment_status":"closed","ping_status":"closed","template":"page-templates\/full-width.php","meta":{"footnotes":""},"class_list":["post-193","page","type-page","status-publish","hentry"],"_links":{"self":[{"href":"http:\/\/lmbq.net\/dev\/wp-json\/wp\/v2\/pages\/193","targetHints":{"allow":["GET"]}}],"collection":[{"href":"http:\/\/lmbq.net\/dev\/wp-json\/wp\/v2\/pages"}],"about":[{"href":"http:\/\/lmbq.net\/dev\/wp-json\/wp\/v2\/types\/page"}],"author":[{"embeddable":true,"href":"http:\/\/lmbq.net\/dev\/wp-json\/wp\/v2\/users\/1"}],"replies":[{"embeddable":true,"href":"http:\/\/lmbq.net\/dev\/wp-json\/wp\/v2\/comments?post=193"}],"version-history":[{"count":3,"href":"http:\/\/lmbq.net\/dev\/wp-json\/wp\/v2\/pages\/193\/revisions"}],"predecessor-version":[{"id":198,"href":"http:\/\/lmbq.net\/dev\/wp-json\/wp\/v2\/pages\/193\/revisions\/198"}],"wp:attachment":[{"href":"http:\/\/lmbq.net\/dev\/wp-json\/wp\/v2\/media?parent=193"}],"curies":[{"name":"wp","href":"https:\/\/api.w.org\/{rel}","templated":true}]}}