{"id":3912,"date":"2023-03-14T19:51:56","date_gmt":"2023-03-15T00:51:56","guid":{"rendered":"http:\/\/lmbq.net\/dev\/?page_id=3912"},"modified":"2023-03-14T20:41:42","modified_gmt":"2023-03-15T01:41:42","slug":"instructions-pour-les-joueurs-autonomes","status":"publish","type":"page","link":"http:\/\/lmbq.net\/dev\/instructions-pour-les-joueurs-autonomes\/","title":{"rendered":"Instructions pour les joueurs autonomes"},"content":{"rendered":"\n<p>La page vous permet de non seulement soumettre des offres pour les joueurs autonomes mais aussi de recevoir des offres.<\/p>\n\n\n\n<p>Tout d&rsquo;abord vous devez vous connecter pour ouvrir votre session.<br><\/p>\n\n\n\n<figure class=\"wp-block-image size-full\"><img loading=\"lazy\" decoding=\"async\" width=\"879\" height=\"82\" src=\"http:\/\/lmbq.net\/dev\/wp-content\/uploads\/2023\/03\/image.png\" alt=\"\" class=\"wp-image-3913\" srcset=\"http:\/\/lmbq.net\/dev\/wp-content\/uploads\/2023\/03\/image.png 879w, http:\/\/lmbq.net\/dev\/wp-content\/uploads\/2023\/03\/image-300x28.png 300w, http:\/\/lmbq.net\/dev\/wp-content\/uploads\/2023\/03\/image-768x72.png 768w\" sizes=\"auto, (max-width: 879px) 100vw, 879px\" \/><\/figure>\n\n\n\n<p>Utilisez le m\u00eame mot de passe que la page March\u00e9 des \u00e9changes.<\/p>\n\n\n\n<p>La page indiquera lorsque vous \u00eates connect\u00e9. Exemple:<\/p>\n\n\n\n<figure class=\"wp-block-image size-full\"><img loading=\"lazy\" decoding=\"async\" width=\"343\" height=\"44\" src=\"http:\/\/lmbq.net\/dev\/wp-content\/uploads\/2023\/03\/image-3.png\" alt=\"\" class=\"wp-image-3916\" srcset=\"http:\/\/lmbq.net\/dev\/wp-content\/uploads\/2023\/03\/image-3.png 343w, http:\/\/lmbq.net\/dev\/wp-content\/uploads\/2023\/03\/image-3-300x38.png 300w\" sizes=\"auto, (max-width: 343px) 100vw, 343px\" \/><\/figure>\n\n\n\n<p>Un fois la s\u00e9ance d\u00e9but\u00e9e vous pouvez faire des offres aux joueurs choisis pour le premier tour de la ronde.<\/p>\n\n\n\n<figure class=\"wp-block-image size-full\"><img loading=\"lazy\" decoding=\"async\" width=\"636\" height=\"403\" src=\"http:\/\/lmbq.net\/dev\/wp-content\/uploads\/2023\/03\/image-1.png\" alt=\"\" class=\"wp-image-3914\" srcset=\"http:\/\/lmbq.net\/dev\/wp-content\/uploads\/2023\/03\/image-1.png 636w, http:\/\/lmbq.net\/dev\/wp-content\/uploads\/2023\/03\/image-1-300x190.png 300w\" sizes=\"auto, (max-width: 636px) 100vw, 636px\" \/><\/figure>\n\n\n\n<p>Vous ne pouvez faire d&rsquo;offres que sur les joueurs des autres \u00e9quipes. <\/p>\n\n\n\n<p>La valeur de l&rsquo;offre sera ajust\u00e9e lorsque le nombre d&rsquo;ann\u00e9es ou le boni sera modifi\u00e9.<br><\/p>\n\n\n\n<figure class=\"wp-block-image size-full\"><img loading=\"lazy\" decoding=\"async\" width=\"191\" height=\"136\" src=\"http:\/\/lmbq.net\/dev\/wp-content\/uploads\/2023\/03\/image-5.png\" alt=\"\" class=\"wp-image-3918\"\/><\/figure>\n\n\n\n<p>Si vous ne voulez pas faire d&rsquo;offre sur un joueur vous devez laiss\u00e9 le nombre d&rsquo;ann\u00e9es et le boni vide. Vous n&rsquo;\u00eates pas oblig\u00e9 de soumettre une offre \u00e0 tous les joueurs.<br>Vous devez soumettre les offres en m\u00eame temps lors du premier tour pour tous les joueurs de la ronde. Vous ne pouvez pas revenir en arri\u00e8re.<\/p>\n\n\n\n<p>Une fois que vous aurez faites vos offres vous devez les soumettre en appuyant sur le bouton. <br><\/p>\n\n\n\n<figure class=\"wp-block-image size-full\"><img loading=\"lazy\" decoding=\"async\" width=\"506\" height=\"155\" src=\"http:\/\/lmbq.net\/dev\/wp-content\/uploads\/2023\/03\/image-6.png\" alt=\"\" class=\"wp-image-3919\" srcset=\"http:\/\/lmbq.net\/dev\/wp-content\/uploads\/2023\/03\/image-6.png 506w, http:\/\/lmbq.net\/dev\/wp-content\/uploads\/2023\/03\/image-6-300x92.png 300w\" sizes=\"auto, (max-width: 506px) 100vw, 506px\" \/><\/figure>\n\n\n\n<p><\/p>\n","protected":false},"excerpt":{"rendered":"<p>La page vous permet de non seulement soumettre des offres pour les joueurs autonomes mais aussi de recevoir des offres. &hellip; <a href=\"http:\/\/lmbq.net\/dev\/instructions-pour-les-joueurs-autonomes\/\" class=\"more-link\">Continue reading <span class=\"screen-reader-text\">Instructions pour les joueurs autonomes<\/span><\/a><\/p>\n","protected":false},"author":1,"featured_media":0,"parent":0,"menu_order":0,"comment_status":"closed","ping_status":"closed","template":"page-templates\/full-width.php","meta":{"footnotes":""},"class_list":["post-3912","page","type-page","status-publish","hentry"],"_links":{"self":[{"href":"http:\/\/lmbq.net\/dev\/wp-json\/wp\/v2\/pages\/3912","targetHints":{"allow":["GET"]}}],"collection":[{"href":"http:\/\/lmbq.net\/dev\/wp-json\/wp\/v2\/pages"}],"about":[{"href":"http:\/\/lmbq.net\/dev\/wp-json\/wp\/v2\/types\/page"}],"author":[{"embeddable":true,"href":"http:\/\/lmbq.net\/dev\/wp-json\/wp\/v2\/users\/1"}],"replies":[{"embeddable":true,"href":"http:\/\/lmbq.net\/dev\/wp-json\/wp\/v2\/comments?post=3912"}],"version-history":[{"count":5,"href":"http:\/\/lmbq.net\/dev\/wp-json\/wp\/v2\/pages\/3912\/revisions"}],"predecessor-version":[{"id":3929,"href":"http:\/\/lmbq.net\/dev\/wp-json\/wp\/v2\/pages\/3912\/revisions\/3929"}],"wp:attachment":[{"href":"http:\/\/lmbq.net\/dev\/wp-json\/wp\/v2\/media?parent=3912"}],"curies":[{"name":"wp","href":"https:\/\/api.w.org\/{rel}","templated":true}]}}