{"id":463,"date":"2020-01-23T01:03:38","date_gmt":"2020-01-23T01:03:38","guid":{"rendered":"http:\/\/lmbq.net\/dev\/?page_id=463"},"modified":"2026-04-05T19:46:02","modified_gmt":"2026-04-06T00:46:02","slug":"new-york","status":"publish","type":"page","link":"http:\/\/lmbq.net\/dev\/new-york\/","title":{"rendered":"New York"},"content":{"rendered":"\n\n\n\n<div class=\"team-header\">\n<div class=\"team-header-logo\"><img decoding=\"async\" class=\"wp-image-312\" alt=\"\" src=\"https:\/\/lmbq.net\/dev\/wp-content\/uploads\/2020\/01\/mets.svg\"><\/div>\n<div class=\"team-header-content\">Mets de New York<\/div>\n<\/div>\n\n\n<div class=\"responsive-tabs\">\n<h2 class=\"tabtitle\">G\u00e9n\u00e9ral<\/h2>\n<div class=\"tabcontent\">\n\n\n\n\n<div class=\"wp-block-columns is-layout-flex wp-container-core-columns-is-layout-9d6595d7 wp-block-columns-is-layout-flex\">\n<div class=\"wp-block-column box is-layout-flow wp-block-column-is-layout-flow\">\n<div class=\"wp-block-group\"><div class=\"wp-block-group__inner-container is-layout-flow wp-block-group-is-layout-flow\">\n<h6 class=\"wp-block-heading\">Sommaire<\/h6>\n\n\n\n\n\n\n<p><\/p>\n<\/div><\/div>\n<\/div>\n\n\n\n<div class=\"wp-block-column box is-layout-flow wp-block-column-is-layout-flow\">\n<h6>Stade<\/h6><figure class=\"wp-block-image size-large\"><img decoding=\"async\" class=\"wp-image-1011\" alt=\"\" src=\"https:\/\/lmbq.net\/dev\/wp-content\/uploads\/2020\/05\/citifield2015.jpg\"><\/figure>\n<\/div>\n<\/div>\n\n\n\n<div class=\"wp-block-columns is-layout-flex wp-container-core-columns-is-layout-9d6595d7 wp-block-columns-is-layout-flex\">\n<div class=\"wp-block-column is-layout-flow wp-block-column-is-layout-flow\">\n<div class=\"wp-block-columns is-layout-flex wp-container-core-columns-is-layout-9d6595d7 wp-block-columns-is-layout-flex\">\n<div class=\"wp-block-column box is-layout-flow wp-block-column-is-layout-flow\">\n<h6 class=\"wp-block-heading\">Meneurs au b\u00e2ton<\/h6>\n\n\n\n<\/div>\n\n\n\n<div class=\"wp-block-column box is-layout-flow wp-block-column-is-layout-flow\">\n<h6 class=\"wp-block-heading\">Meneurs au monticule<\/h6>\n\n\n\n<\/div>\n<\/div>\n<\/div>\n\n\n\n<div class=\"wp-block-column is-layout-flow wp-block-column-is-layout-flow\">\n<div class=\"wp-block-columns is-layout-flex wp-container-core-columns-is-layout-9d6595d7 wp-block-columns-is-layout-flex\">\n<div class=\"wp-block-column box is-layout-flow wp-block-column-is-layout-flow\">\n<h6 class=\"wp-block-heading\">Totals &#8211; Au b\u00e2ton<\/h6>\n\n\n\n<\/div>\n\n\n\n<div class=\"wp-block-column box is-layout-flow wp-block-column-is-layout-flow\">\n<h6 class=\"wp-block-heading\">Totals &#8211; D\u00e9fensive<\/h6>\n\n\n\n<\/div>\n<\/div>\n<\/div>\n<\/div>\n\n\n\n<\/div><h2 class=\"tabtitle\">Alignement<\/h2>\n<div class=\"tabcontent\">\n\n\n\n\n\n\n\n<\/div><h2 class=\"tabtitle\">Pourcentage<\/h2>\n<div class=\"tabcontent\">\n\n\n\n\n\n\n\n<\/div><h2 class=\"tabtitle\">Finance<\/h2>\n<div class=\"tabcontent\">\n\n\n\n\n\n\n\n<hr class=\"wp-block-separator has-css-opacity\"\/>\n\n\n\n\n\n\n<\/div><h2 class=\"tabtitle\">Transactions<\/h2>\n<div class=\"tabcontent\">\n\n\n\n\n\n\n\n<\/div><h2 class=\"tabtitle\">Rep\u00eachage<\/h2>\n<div class=\"tabcontent\">\n\n\n\n\n\n\n\n<\/div><h2 class=\"tabtitle\">Meneurs \u00e0 vie<\/h2>\n<div class=\"tabcontent\">\n\n\n\n\n<iframe width=\"100%\" height=\"1200px\" class=\"my_iframe\" loading=\"lazy\" src=\"https:\/\/www.lmbq.net\/equipes\/TeamLeaders\/28\/index.htm\" scrolling=\"yes\"><\/iframe>\n\n\n\n<\/div><h2 class=\"tabtitle\">Rapport quotidien<\/h2>\n<div class=\"tabcontent\">\n\n\n\n\n\n\n\n<\/div><h2 class=\"tabtitle\">Stats (split)<\/h2>\n<div class=\"tabcontent\">\n\n\n\n\n\n\n<\/div><\/div>\n","protected":false},"excerpt":{"rendered":"<p>Mets de New York Stade Meneurs au b\u00e2ton Meneurs au monticule Totals &#8211; Au b\u00e2ton Totals &#8211; D\u00e9fensive<\/p>\n","protected":false},"author":1,"featured_media":0,"parent":0,"menu_order":0,"comment_status":"closed","ping_status":"closed","template":"page-templates\/full-width.php","meta":{"footnotes":""},"class_list":["post-463","page","type-page","status-publish","hentry"],"_links":{"self":[{"href":"http:\/\/lmbq.net\/dev\/wp-json\/wp\/v2\/pages\/463","targetHints":{"allow":["GET"]}}],"collection":[{"href":"http:\/\/lmbq.net\/dev\/wp-json\/wp\/v2\/pages"}],"about":[{"href":"http:\/\/lmbq.net\/dev\/wp-json\/wp\/v2\/types\/page"}],"author":[{"embeddable":true,"href":"http:\/\/lmbq.net\/dev\/wp-json\/wp\/v2\/users\/1"}],"replies":[{"embeddable":true,"href":"http:\/\/lmbq.net\/dev\/wp-json\/wp\/v2\/comments?post=463"}],"version-history":[{"count":19,"href":"http:\/\/lmbq.net\/dev\/wp-json\/wp\/v2\/pages\/463\/revisions"}],"predecessor-version":[{"id":4977,"href":"http:\/\/lmbq.net\/dev\/wp-json\/wp\/v2\/pages\/463\/revisions\/4977"}],"wp:attachment":[{"href":"http:\/\/lmbq.net\/dev\/wp-json\/wp\/v2\/media?parent=463"}],"curies":[{"name":"wp","href":"https:\/\/api.w.org\/{rel}","templated":true}]}}