{"id":465,"date":"2020-01-23T01:06:14","date_gmt":"2020-01-23T01:06:14","guid":{"rendered":"http:\/\/lmbq.net\/dev\/?page_id=465"},"modified":"2026-04-10T13:28:31","modified_gmt":"2026-04-10T18:28:31","slug":"pittsburgh","status":"publish","type":"page","link":"http:\/\/lmbq.net\/dev\/pittsburgh\/","title":{"rendered":"Pittsburgh"},"content":{"rendered":"\n\n\n\n<div class=\"team-header\">\n<div class=\"team-header-logo\"><img decoding=\"async\" class=\"wp-image-312\" alt=\"\" src=\"https:\/\/lmbq.net\/dev\/wp-content\/uploads\/2020\/01\/pirates.svg\"><\/div>\n<div class=\"team-header-content\">Pirates de Pittsburgh<\/div>\n<\/div>\n\n\n<div class=\"responsive-tabs\">\n<h2 class=\"tabtitle\">G\u00e9n\u00e9ral<\/h2>\n<div class=\"tabcontent\">\n\n\n\n\n<div class=\"wp-block-columns is-layout-flex wp-container-core-columns-is-layout-9d6595d7 wp-block-columns-is-layout-flex\">\n<div class=\"wp-block-column box is-layout-flow wp-block-column-is-layout-flow\">\n<div class=\"wp-block-group\"><div class=\"wp-block-group__inner-container is-layout-flow wp-block-group-is-layout-flow\">\n<h6 class=\"wp-block-heading\">Sommaire<\/h6>\n\n\n\n<\/div><\/div>\n<\/div>\n\n\n\n<div class=\"wp-block-column box is-layout-flow wp-block-column-is-layout-flow\">\n<div><h6>Stade<\/h6><figure class=\"wp-block-image size-large\"><img decoding=\"async\" width=\"600\" height=\"600\" class=\"wp-image-1011\" loading=\"lazy\" alt=\"\" src=\"http:\/\/lmbq.net\/dev\/wp-content\/uploads\/2020\/05\/pnc2001.jpg\" srcset=\"http:\/\/lmbq.net\/dev\/wp-content\/uploads\/2020\/05\/pnc2001.jpg 600w, http:\/\/lmbq.net\/dev\/wp-content\/uploads\/2020\/05\/pnc2001-300x300.jpg 300w, http:\/\/lmbq.net\/dev\/wp-content\/uploads\/2020\/05\/pnc2001-150x150.jpg 150w, http:\/\/lmbq.net\/dev\/wp-content\/uploads\/2020\/05\/pnc2001-45x45.jpg 45w\" sizes=\"auto, (max-width: 600px) 100vw, 600px\" \/><\/figure><\/div>\n<\/div>\n<\/div>\n\n\n\n<div class=\"wp-block-columns is-layout-flex wp-container-core-columns-is-layout-9d6595d7 wp-block-columns-is-layout-flex\">\n<div class=\"wp-block-column is-layout-flow wp-block-column-is-layout-flow\">\n<div class=\"wp-block-columns is-layout-flex wp-container-core-columns-is-layout-9d6595d7 wp-block-columns-is-layout-flex\">\n<div class=\"wp-block-column box is-layout-flow wp-block-column-is-layout-flow\">\n<h6 class=\"wp-block-heading\">Meneurs au b\u00e2ton<\/h6>\n\n\n\n<\/div>\n\n\n\n<div class=\"wp-block-column box is-layout-flow wp-block-column-is-layout-flow\">\n<h6 class=\"wp-block-heading\">Meneurs au monticule<\/h6>\n\n\n\n<\/div>\n<\/div>\n<\/div>\n\n\n\n<div class=\"wp-block-column is-layout-flow wp-block-column-is-layout-flow\">\n<div class=\"wp-block-columns is-layout-flex wp-container-core-columns-is-layout-9d6595d7 wp-block-columns-is-layout-flex\">\n<div class=\"wp-block-column box is-layout-flow wp-block-column-is-layout-flow\">\n<h6 class=\"wp-block-heading\">Totals &#8211; Au b\u00e2ton<\/h6>\n\n\n\n<\/div>\n\n\n\n<div class=\"wp-block-column box is-layout-flow wp-block-column-is-layout-flow\">\n<h6 class=\"wp-block-heading\">Totals &#8211; D\u00e9fensive<\/h6>\n\n\n\n<\/div>\n<\/div>\n<\/div>\n<\/div>\n\n\n\n<\/div><h2 class=\"tabtitle\">Alignement<\/h2>\n<div class=\"tabcontent\">\n\n\n\n\n\n\n\n<\/div><h2 class=\"tabtitle\">Pourcentage<\/h2>\n<div class=\"tabcontent\">\n\n\n\n\n\n\n\n<\/div><h2 class=\"tabtitle\">Finance<\/h2>\n<div class=\"tabcontent\">\n\n\n\n\n\n\n\n<hr class=\"wp-block-separator has-css-opacity\"\/>\n\n\n\n\n\n\n<\/div><h2 class=\"tabtitle\">Transactions<\/h2>\n<div class=\"tabcontent\">\n\n\n\n\n\n\n\n<\/div><h2 class=\"tabtitle\">Rep\u00eachage<\/h2>\n<div class=\"tabcontent\">\n\n\n\n\n\n\n\n<\/div><h2 class=\"tabtitle\">Meneurs \u00e0 vie<\/h2>\n<div class=\"tabcontent\">\n\n\n\n\n<iframe loading=\"lazy\" width=\"100%\" height=\"1200px\" class=\"my_irame\" src=\"https:\/\/www.lmbq.net\/equipes\/TeamLeaders\/24\/index.htm\" scrolling=\"yes\"><\/iframe>\n\n\n\n<\/div><h2 class=\"tabtitle\">Rapport quotidien<\/h2>\n<div class=\"tabcontent\">\n\n\n\n\n\n\n\n<\/div><h2 class=\"tabtitle\">Stats (split)<\/h2>\n<div class=\"tabcontent\">\n\n\n\n\n\n\n<\/div><\/div>\n","protected":false},"excerpt":{"rendered":"<p>Pirates de Pittsburgh Sommaire Stade Meneurs au b\u00e2ton Meneurs au monticule Totals &#8211; Au b\u00e2ton Totals &#8211; D\u00e9fensive<\/p>\n","protected":false},"author":1,"featured_media":0,"parent":0,"menu_order":0,"comment_status":"closed","ping_status":"closed","template":"page-templates\/full-width.php","meta":{"footnotes":""},"class_list":["post-465","page","type-page","status-publish","hentry"],"_links":{"self":[{"href":"http:\/\/lmbq.net\/dev\/wp-json\/wp\/v2\/pages\/465","targetHints":{"allow":["GET"]}}],"collection":[{"href":"http:\/\/lmbq.net\/dev\/wp-json\/wp\/v2\/pages"}],"about":[{"href":"http:\/\/lmbq.net\/dev\/wp-json\/wp\/v2\/types\/page"}],"author":[{"embeddable":true,"href":"http:\/\/lmbq.net\/dev\/wp-json\/wp\/v2\/users\/1"}],"replies":[{"embeddable":true,"href":"http:\/\/lmbq.net\/dev\/wp-json\/wp\/v2\/comments?post=465"}],"version-history":[{"count":51,"href":"http:\/\/lmbq.net\/dev\/wp-json\/wp\/v2\/pages\/465\/revisions"}],"predecessor-version":[{"id":5024,"href":"http:\/\/lmbq.net\/dev\/wp-json\/wp\/v2\/pages\/465\/revisions\/5024"}],"wp:attachment":[{"href":"http:\/\/lmbq.net\/dev\/wp-json\/wp\/v2\/media?parent=465"}],"curies":[{"name":"wp","href":"https:\/\/api.w.org\/{rel}","templated":true}]}}