{"id":494,"date":"2020-01-23T03:25:04","date_gmt":"2020-01-23T03:25:04","guid":{"rendered":"http:\/\/lmbq.net\/dev\/?page_id=494"},"modified":"2020-01-24T04:26:55","modified_gmt":"2020-01-24T04:26:55","slug":"fiche-a-vie-par-proprietaire-avant-2003-saison","status":"publish","type":"page","link":"http:\/\/lmbq.net\/dev\/fiche-a-vie-par-proprietaire-avant-2003-saison\/","title":{"rendered":"Fiche \u00e0 vie par propri\u00e9taire avant 2003, saison"},"content":{"rendered":"\n<p><\/p>\n\n\n<h6>Par franchise: <a href=\"http:\/\/lmbq.net\/dev\/fiche-a-vie-par-franchise-avant-2003\/\">Avant 2003<\/a> | <a href=\"http:\/\/lmbq.net\/dev\/fiche-a-vie-par-franchise-depuis-2003\/\">Depuis 2003<\/a><br \/>Par propri\u00e9taire, saison: <a href=\"http:\/\/lmbq.net\/dev\/fiche-a-vie-par-proprietaire-avant-2003-saison\/\">Avant 2003<\/a> | <a href=\"http:\/\/lmbq.net\/dev\/fiche-a-vie-par-proprietaire-depuis-2003-saison\/\">Depuis 2003<\/a> | <a href=\"http:\/\/lmbq.net\/dev\/fiche-a-vie-par-proprietaire-depuis-le-debut-saison\/\">Depuis le d\u00e9but<\/a><br \/>Par propri\u00e9taire, cumulatif: <a href=\"http:\/\/lmbq.net\/dev\/fiche-a-vie-par-proprietaire-avant-2003-cumulatif\/\">Avant 2003<\/a> | <a href=\"http:\/\/lmbq.net\/dev\/fiche-a-vie-par-proprietaire-depuis-2003-cumulatif\/\">Depuis 2003<\/a> | <a href=\"http:\/\/lmbq.net\/dev\/fiche-a-vie-par-proprietaire-depuis-le-debut-cumulatif\/\">Depuis le d\u00e9but<\/a><\/h6>\n\n\n<iframe loading=\"lazy\" width=\"100%\" height=\"600px\" class=\"my_irame\" src=\"http:\/\/www.lmbq.net\/cgi-bin\/mgr_hist.pl?type=OwnerSeason&amp;period=Pre2003\" scroll=\"\" hidden;=\"\"><\/iframe>\n","protected":false},"excerpt":{"rendered":"<p>Par franchise: Avant 2003 | Depuis 2003Par propri\u00e9taire, saison: Avant 2003 | Depuis 2003 | Depuis le d\u00e9butPar propri\u00e9taire, cumulatif: &hellip; <a href=\"http:\/\/lmbq.net\/dev\/fiche-a-vie-par-proprietaire-avant-2003-saison\/\" class=\"more-link\">Continue reading <span class=\"screen-reader-text\">Fiche \u00e0 vie par propri\u00e9taire avant 2003, saison<\/span><\/a><\/p>\n","protected":false},"author":1,"featured_media":0,"parent":0,"menu_order":0,"comment_status":"closed","ping_status":"closed","template":"page-templates\/full-width.php","meta":{"footnotes":""},"class_list":["post-494","page","type-page","status-publish","hentry"],"_links":{"self":[{"href":"http:\/\/lmbq.net\/dev\/wp-json\/wp\/v2\/pages\/494","targetHints":{"allow":["GET"]}}],"collection":[{"href":"http:\/\/lmbq.net\/dev\/wp-json\/wp\/v2\/pages"}],"about":[{"href":"http:\/\/lmbq.net\/dev\/wp-json\/wp\/v2\/types\/page"}],"author":[{"embeddable":true,"href":"http:\/\/lmbq.net\/dev\/wp-json\/wp\/v2\/users\/1"}],"replies":[{"embeddable":true,"href":"http:\/\/lmbq.net\/dev\/wp-json\/wp\/v2\/comments?post=494"}],"version-history":[{"count":2,"href":"http:\/\/lmbq.net\/dev\/wp-json\/wp\/v2\/pages\/494\/revisions"}],"predecessor-version":[{"id":533,"href":"http:\/\/lmbq.net\/dev\/wp-json\/wp\/v2\/pages\/494\/revisions\/533"}],"wp:attachment":[{"href":"http:\/\/lmbq.net\/dev\/wp-json\/wp\/v2\/media?parent=494"}],"curies":[{"name":"wp","href":"https:\/\/api.w.org\/{rel}","templated":true}]}}