{"id":642,"date":"2020-02-13T15:32:28","date_gmt":"2020-02-13T20:32:28","guid":{"rendered":"http:\/\/lmbq.net\/dev\/?page_id=642"},"modified":"2025-02-16T12:10:32","modified_gmt":"2025-02-16T17:10:32","slug":"dates-importantes","status":"publish","type":"page","link":"http:\/\/lmbq.net\/dev\/dates-importantes\/","title":{"rendered":"Dates importantes"},"content":{"rendered":"\n<p>Date limite des \u00e9changes: Vendredi 21 f\u00e9vrier 2025 22:00<\/p>\n\n\n\n<p>Date limite des remises de contrat: Dimanche 23 f\u00e9vrier 2025<\/p>\n\n\n\n<p>Rep\u00eachage: Dimanche 9 mars 2025<\/p>\n\n\n\n<p>D\u00e9but se saison: Le fichier de la semaine 1 sera envoy\u00e9 le ?.<\/p>\n\n\n\n<h3 class=\"wp-block-heading\">Calendrier 2025<\/h3>\n\n\n\n<p>A venir&#8230;<\/p>\n\n\n\n<figure class=\"wp-block-table is-style-stripes hide\"><table  class=\" table table-hover\" ><tbody><tr><td>D\u00e9but de saison, Semaine 1<\/td><td>8 avril<\/td><\/tr><tr><td>Semaine 2<\/td><td>15 avril<\/td><\/tr><tr><td>Semaine 3<\/td><td>22 avril<\/td><\/tr><tr><td>Semaine 4<\/td><td>29 avril<\/td><\/tr><tr><td>Semaine 5<\/td><td>6 mai<\/td><\/tr><tr><td>Semaine 6<\/td><td>13 mai<\/td><\/tr><tr><td>Semaine 7<\/td><td>20 mai<\/td><\/tr><tr><td>Semaine 8<\/td><td>27 mai<\/td><\/tr><tr><td>Semaine 9<\/td><td>4 juin<\/td><\/tr><tr><td>Semaine 10<\/td><td>11 juin<\/td><\/tr><tr><td>Semaine 11<\/td><td>18 juin<\/td><\/tr><tr><td>Semaine de repos, rep\u00eachage?<\/td><td>25 juin<\/td><\/tr><tr><td>Deuxi\u00e8me demi-saison, Semaine 1<\/td><td>1 juillet<\/td><\/tr><tr><td>Semaine 2<\/td><td>8 juillet<\/td><\/tr><tr><td>Semaine 3<\/td><td>15 juillet<\/td><\/tr><tr><td>Semaine 4<\/td><td>22 juillet<\/td><\/tr><tr><td>Semaine 5<\/td><td>29 juillet<\/td><\/tr><tr><td>Semaine 6<\/td><td>5 ao\u00fbt<\/td><\/tr><tr><td>Semaine 7, semaine limite pour \u00e9changer<\/td><td>12 ao\u00fbt<\/td><\/tr><tr><td>Semaine 8<\/td><td>19 ao\u00fbt<\/td><\/tr><tr><td>Semaine 9<\/td><td>26 ao\u00fbt<\/td><\/tr><tr><td>Semaine 10<\/td><td>2 septembre<\/td><\/tr><tr><td>Semaine 11<\/td><td>9 septembre<\/td><\/tr><tr><td>Ronde meilleure deuxi\u00e8me<\/td><td><\/td><\/tr><tr><td>Demi-Finales<\/td><td><\/td><\/tr><tr><td>Finale<\/td><td><\/td><\/tr><\/tbody><\/table><\/figure>\n\n\n\n<p><\/p>\n","protected":false},"excerpt":{"rendered":"<p>Date limite des \u00e9changes: Vendredi 21 f\u00e9vrier 2025 22:00 Date limite des remises de contrat: Dimanche 23 f\u00e9vrier 2025 Rep\u00eachage: &hellip; <a href=\"http:\/\/lmbq.net\/dev\/dates-importantes\/\" class=\"more-link\">Continue reading <span class=\"screen-reader-text\">Dates importantes<\/span><\/a><\/p>\n","protected":false},"author":1,"featured_media":0,"parent":0,"menu_order":0,"comment_status":"closed","ping_status":"closed","template":"page-templates\/full-width.php","meta":{"footnotes":""},"class_list":["post-642","page","type-page","status-publish","hentry"],"_links":{"self":[{"href":"http:\/\/lmbq.net\/dev\/wp-json\/wp\/v2\/pages\/642","targetHints":{"allow":["GET"]}}],"collection":[{"href":"http:\/\/lmbq.net\/dev\/wp-json\/wp\/v2\/pages"}],"about":[{"href":"http:\/\/lmbq.net\/dev\/wp-json\/wp\/v2\/types\/page"}],"author":[{"embeddable":true,"href":"http:\/\/lmbq.net\/dev\/wp-json\/wp\/v2\/users\/1"}],"replies":[{"embeddable":true,"href":"http:\/\/lmbq.net\/dev\/wp-json\/wp\/v2\/comments?post=642"}],"version-history":[{"count":8,"href":"http:\/\/lmbq.net\/dev\/wp-json\/wp\/v2\/pages\/642\/revisions"}],"predecessor-version":[{"id":4757,"href":"http:\/\/lmbq.net\/dev\/wp-json\/wp\/v2\/pages\/642\/revisions\/4757"}],"wp:attachment":[{"href":"http:\/\/lmbq.net\/dev\/wp-json\/wp\/v2\/media?parent=642"}],"curies":[{"name":"wp","href":"https:\/\/api.w.org\/{rel}","templated":true}]}}