{"id":703,"date":"2020-03-03T17:45:53","date_gmt":"2020-03-03T22:45:53","guid":{"rendered":"http:\/\/lmbq.net\/dev\/?page_id=703"},"modified":"2020-03-26T08:25:18","modified_gmt":"2020-03-26T13:25:18","slug":"questions-frequentes","status":"publish","type":"page","link":"http:\/\/lmbq.net\/dev\/questions-frequentes\/","title":{"rendered":"Questions fr\u00e9quentes"},"content":{"rendered":"\n<h3 class=\"wp-block-heading\">Joueurs autonomes<\/h3>\n\n\n\n<p><em>C<strong>omment je peux \u00e9galer un offre en r\u00e9duisant le nombre d&rsquo;ann\u00e9e de contrat?<\/strong><\/em><\/p>\n\n\n\n<p>Il est possible offrir un maximum d&rsquo;une ann\u00e9e de contrat de moins tout en augmentant le boni offert de sorte que la valeur globale de l&rsquo;offre est la m\u00eame ou sup\u00e9rieure. Par exemple, pour une offre de 4 ans et boni de 10M$ \u00e0 un joueur avec un salaire de 5M$, il est possible de r\u00e9duire le nombre d&rsquo;ann\u00e9e de contrat \u00e0 3 ans en augmentant le boni \u00e0 6.25M$ (5M$ + 3 x 5M$ x 25% + 10M$ = 5M$ + 2 x 5M x 25% + 11.25M$)  <\/p>\n\n\n\n<p><em><strong>Comment puis-je \u00e9galer un offre en diminuant le boni offert?<\/strong><\/em><\/p>\n\n\n\n<p>En augmentant le nombre d&rsquo;ann\u00e9es de contrat tant que la valeur de l&rsquo;offre est la m\u00eame ou sup\u00e9rieure. Par exemple pour une offre de 2 ans et boni de 16M$ \u00e0 un joueur avec salaire de 12M$, il est possible de signer le joueur pour 5 ans et boni de 3M$ (12M$ + 12M$ x 25% + 16M$ = 12M$ + 4 x 12M$ * 25% + 7M$)<\/p>\n\n\n\n<p><em><strong>Mon joueur a re\u00e7u une offre mais j&rsquo;aimerais le signer \u00e0 plus long terme. Comment faire?<\/strong><\/em><\/p>\n\n\n\n<p>Voir la r\u00e9ponse \u00e0 la question pr\u00e9c\u00e9dente.<\/p>\n\n\n\n<h3 class=\"wp-block-heading\">Usage maximum<\/h3>\n\n\n\n<p><em><strong>Quel est l&rsquo;usage maximum en saison?<\/strong><\/em><\/p>\n\n\n\n<p>Un joueur de position doit \u00eatre c\u00e9d\u00e9 aux mineures une fois qu&rsquo;un des pourcentage d&rsquo;utilisation total, vs gauchers ou vs droitiers a atteint 110%.<\/p>\n\n\n\n<p>Les joueurs de position dont la cote Injury est Iron ne sont pas soumis \u00e0 cette limitation et peuvent \u00eatre utilis\u00e9s en tout temps.<\/p>\n\n\n\n<p>Pour tous les lanceurs le maximum est 110% total, peu importe le pourcentage contre les droitiers ou les gauchers.<\/p>\n\n\n\n<p><em><strong>Est-ce que je dois retirer un joueur du match aussit\u00f4t qu&rsquo;il a atteint ou d\u00e9pass\u00e9 110%?<\/strong><\/em><\/p>\n\n\n\n<p>Le joueur peut compl\u00e9ter le match mais ne peut en d\u00e9buter un autre.<\/p>\n\n\n\n<h3 class=\"wp-block-heading\">Manager profile<\/h3>\n\n\n\n<p><em><strong>Comment g\u00e9n\u00e9rer un manager profile pour les lanceurs?<\/strong><\/em><\/p>\n\n\n\n<p>Choisissez votre alignement de 25 joueurs. C\u00e9der les autres joueurs dans les mineurs. Commencer par les lanceurs. De l&rsquo;onglet Pitching allez \u00e0 Other Actions (en bas \u00e0 droite), Generate pitching chart avec les param\u00e8tres suivants:<br>&#8211; Method: Use player ratings<br>&#8211; Rotation size: 5<br>&#8211; Use active players only: Non<br><br>Ceci va g\u00e9n\u00e9rer votre rotation et assigner vos releveurs selon leur ratings et non leur temps de jeu. La rotation devrait \u00eatre \u00e0 Strict. Ajuster votre rotation et les diff\u00e9rents r\u00f4les (Spot Starter, Mopup, Long Relief, Setup, Closer) selon vos intentions. Il n&rsquo;est pas n\u00e9cessaire d&rsquo;avoir un joueur pour chaque r\u00f4le. Enlevez des joueurs au besoin. Les joueurs des mineurs vont appara\u00eetre. Laissez-les dans le MP. Ca va vous assurez qu&rsquo;ils seront utilis\u00e9s s&rsquo;ils sont rappel\u00e9s. Si un joueur est dans votre alignement et qu&rsquo;il ne fait pas partie du MP c&rsquo;est impr\u00e9visible de savoir comment le jeu va l&rsquo;utiliser.<\/p>\n\n\n\n<p><em><strong>Comment g\u00e9n\u00e9rer un manager profile pour les joueurs de position?<\/strong><\/em><\/p>\n\n\n\n<p>Allez dans l&rsquo;onglet Saved Lineup. Allez dans Other actions (en bas \u00e0 droite), Generate saved lineup and\/or depth chart avec les param\u00e8tres suivants:<br>&#8211; Use players ratings, Keep the save lineup: No, Use players active only: No.<br><br>Ceci va g\u00e9n\u00e9rer un lineup vs LHP et RHP que vous avez comme base. Modifier chacun de ces 2 lineups \u00e0 votre go\u00fbt. Retourner \u00e0 nouveau dans Other Actions, Generate saved lineup and\/or depth chart avec les param\u00e8tres suivants:<br>&#8211; Use players ratings<br>&#8211; Keep the save lineup: <strong>YES<\/strong><br>&#8211; Use players active only: Non<br><br>Ceci va g\u00e9n\u00e9rer votre depth chart en conservant vos 2 lineups.<br><br>Allez ensuite dans l&rsquo;onglet Depth Chart et passez \u00e0 travers chaque position (vs LHP et RHP) et ajustez au besoin. Ceci devrait vous donnez un alignement comp\u00e9titif. Par contre, il ne tiendra pas compte du temps d&rsquo;utilisation.<\/p>\n\n\n\n<p><em><strong>Comment puis-je mettre mon Manager Profile \u00e0 jour?<\/strong><\/em><\/p>\n\n\n\n<p>N&rsquo;importe quand durant la saison en envoyant votre MP modifi\u00e9 avec les stats de la semaine ou s\u00e9par\u00e9ment toujours en faisant un Export Statistics.<\/p>\n\n\n\n<p><strong><em>Que dois-je v\u00e9rifier pour m&rsquo;assurer que mon MP est valide?<\/em><\/strong><\/p>\n\n\n\n<ul class=\"wp-block-list\"><li>Sous Pitching, Usage: Strict ou Skip, Rotation size: 5<\/li><li>Un minimum d&rsquo;un lanceur au position Closer, Setup.<\/li><li>Un alignement contre les droitiers et un contre les gauchers. Ces deux lineups devraient occup\u00e9s les positions 1 et 2 dans la liste. Ils devraient \u00eatre clairement identifi\u00e9s (ex: vs RHP).<\/li><li>Pour votre lineup vs RHP vous devriez avoir Versus: Right sous votre lineup. Versus: Left sous votre lineup vs LHP<\/li><li>Usage: Game by game<\/li><li>Ayez au moins un joueur sur votre depth chart pour chaque position pour chaque lineup. Si vous mettez rien et que vous avez un bless\u00e9 dans votre lineup on ne saura pas qui mettre \u00e0 la place.<\/li><li>Dans le depth chart la position Platoon (PL) et Defense (Def) est optionnelle. Vous n&rsquo;\u00eates pas oblig\u00e9 d&rsquo;y mettre un joueur.<\/li><\/ul>\n","protected":false},"excerpt":{"rendered":"<p>Joueurs autonomes Comment je peux \u00e9galer un offre en r\u00e9duisant le nombre d&rsquo;ann\u00e9e de contrat? Il est possible offrir un &hellip; <a href=\"http:\/\/lmbq.net\/dev\/questions-frequentes\/\" class=\"more-link\">Continue reading <span class=\"screen-reader-text\">Questions fr\u00e9quentes<\/span><\/a><\/p>\n","protected":false},"author":1,"featured_media":0,"parent":0,"menu_order":0,"comment_status":"closed","ping_status":"closed","template":"page-templates\/full-width.php","meta":{"footnotes":""},"class_list":["post-703","page","type-page","status-publish","hentry"],"_links":{"self":[{"href":"http:\/\/lmbq.net\/dev\/wp-json\/wp\/v2\/pages\/703","targetHints":{"allow":["GET"]}}],"collection":[{"href":"http:\/\/lmbq.net\/dev\/wp-json\/wp\/v2\/pages"}],"about":[{"href":"http:\/\/lmbq.net\/dev\/wp-json\/wp\/v2\/types\/page"}],"author":[{"embeddable":true,"href":"http:\/\/lmbq.net\/dev\/wp-json\/wp\/v2\/users\/1"}],"replies":[{"embeddable":true,"href":"http:\/\/lmbq.net\/dev\/wp-json\/wp\/v2\/comments?post=703"}],"version-history":[{"count":10,"href":"http:\/\/lmbq.net\/dev\/wp-json\/wp\/v2\/pages\/703\/revisions"}],"predecessor-version":[{"id":755,"href":"http:\/\/lmbq.net\/dev\/wp-json\/wp\/v2\/pages\/703\/revisions\/755"}],"wp:attachment":[{"href":"http:\/\/lmbq.net\/dev\/wp-json\/wp\/v2\/media?parent=703"}],"curies":[{"name":"wp","href":"https:\/\/api.w.org\/{rel}","templated":true}]}}